{"id":548,"date":"2022-07-27T08:16:31","date_gmt":"2022-07-27T07:16:31","guid":{"rendered":"https:\/\/casa-comun-2022.de\/?page_id=548"},"modified":"2022-09-07T06:15:48","modified_gmt":"2022-09-07T05:15:48","slug":"programm-der-casa-comun-vom-1-bis-7-september-2022","status":"publish","type":"page","link":"https:\/\/casa-comun-2022.de\/fr\/programm-der-casa-comun-vom-1-bis-7-september-2022\/","title":{"rendered":"Programm der Casa Comun vom 1. bis 7. September 2022"},"content":{"rendered":"\n<p><a href=\"https:\/\/casa-comun-2022.de\/wp-content\/uploads\/2022\/09\/Casa_comun_ENGLISHProgram_2022.pdf\" target=\"_blank\" rel=\"noreferrer noopener\">Programm\u00fcbersicht auf Englisch \/ Program survey in English<\/a><\/p>\n\n\n\n<p><a href=\"https:\/\/casa-comun-2022.de\/wp-content\/uploads\/2022\/07\/OeVI-Programm-Folder-final-1.pdf\">Programm-Folder<\/a><\/p>\n\n\n\n<p><a href=\"https:\/\/casa-comun-2022.de\/wp-content\/uploads\/2022\/08\/CasaComun_A3_DoTagesplakat-1.pdf\" target=\"_blank\" rel=\"noreferrer noopener\">Tagesprogramm f\u00fcr Donnerstag, den 1.9.<\/a><\/p>\n\n\n\n<p><a href=\"https:\/\/casa-comun-2022.de\/wp-content\/uploads\/2022\/08\/CasaComun_A3_FrTagesplakat-1.pdf\" target=\"_blank\" rel=\"noreferrer noopener\">Tagesprogramm f\u00fcr Freitag, den 2.9.<\/a><\/p>\n\n\n\n<p><a href=\"https:\/\/casa-comun-2022.de\/wp-content\/uploads\/2022\/08\/CasaComun_A3_SaTagesplakat-1.pdf\" target=\"_blank\" rel=\"noreferrer noopener\">Tagesprogramm f\u00fcr Samstag, den 3.9.<\/a><\/p>\n\n\n\n<p><a href=\"https:\/\/casa-comun-2022.de\/wp-content\/uploads\/2022\/08\/CasaComun_A3_SoTagesplakat-1.pdf\" target=\"_blank\" rel=\"noreferrer noopener\">Tagesprogramm f\u00fcr Sonntag, den 4.9.<\/a><\/p>\n\n\n\n<p><a href=\"https:\/\/casa-comun-2022.de\/wp-content\/uploads\/2022\/08\/CasaComun_A3_MoTagesplakat-2.pdf\" target=\"_blank\" rel=\"noreferrer noopener\">Tagesprogramm f\u00fcr Montag, den 5.9.<\/a><\/p>\n\n\n\n<p><a href=\"https:\/\/casa-comun-2022.de\/wp-content\/uploads\/2022\/08\/CasaComun_A3_DiTagesplakat-1.pdf\" target=\"_blank\" rel=\"noreferrer noopener\">Tagesprogramm f\u00fcr Dienstag, den 6.9.<\/a><\/p>\n\n\n\n<p><a href=\"https:\/\/casa-comun-2022.de\/wp-content\/uploads\/2022\/09\/CasaComun_A3_MiTagesplakat.pdf\" target=\"_blank\" rel=\"noreferrer noopener\">Tagesprogramm f\u00fcr Mittwoch, den 7.9.<\/a><\/p>\n\n\n\n<p><a rel=\"noreferrer noopener\" href=\"https:\/\/casa-comun-2022.de\/wp-content\/uploads\/2022\/07\/Programmuebersicht-Casa-Comun_Planungsstand_13_Juli_2022-1.pdf\" data-type=\"attachment\" data-id=\"543\" target=\"_blank\">\u00dcbersicht \u00fcber Gesamt- und Tagesprogramm<\/a><\/p>\n","protected":false},"excerpt":{"rendered":"<p>Programm\u00fcbersicht auf Englisch \/ Program survey in English Programm-Folder Tagesprogramm f\u00fcr Donnerstag, den 1.9. Tagesprogramm f\u00fcr Freitag, den 2.9. Tagesprogramm f\u00fcr Samstag, den 3.9. Tagesprogramm f\u00fcr Sonntag, den 4.9. Tagesprogramm f\u00fcr Montag, den 5.9. Tagesprogramm f\u00fcr Dienstag, den 6.9. Tagesprogramm f\u00fcr Mittwoch, den 7.9. \u00dcbersicht \u00fcber Gesamt- und Tagesprogramm<\/p>\n","protected":false},"author":1,"featured_media":0,"parent":0,"menu_order":0,"comment_status":"closed","ping_status":"closed","template":"","meta":{"_mc_calendar":[],"footnotes":""},"class_list":["post-548","page","type-page","status-publish","hentry"],"translation":{"provider":"WPGlobus","version":"3.0.1","language":"fr","enabled_languages":["de","gb","es","fr"],"languages":{"de":{"title":true,"content":true,"excerpt":false},"gb":{"title":false,"content":false,"excerpt":false},"es":{"title":false,"content":false,"excerpt":false},"fr":{"title":false,"content":false,"excerpt":false}}},"_links":{"self":[{"href":"https:\/\/casa-comun-2022.de\/fr\/wp-json\/wp\/v2\/pages\/548","targetHints":{"allow":["GET"]}}],"collection":[{"href":"https:\/\/casa-comun-2022.de\/fr\/wp-json\/wp\/v2\/pages"}],"about":[{"href":"https:\/\/casa-comun-2022.de\/fr\/wp-json\/wp\/v2\/types\/page"}],"author":[{"embeddable":true,"href":"https:\/\/casa-comun-2022.de\/fr\/wp-json\/wp\/v2\/users\/1"}],"replies":[{"embeddable":true,"href":"https:\/\/casa-comun-2022.de\/fr\/wp-json\/wp\/v2\/comments?post=548"}],"version-history":[{"count":24,"href":"https:\/\/casa-comun-2022.de\/fr\/wp-json\/wp\/v2\/pages\/548\/revisions"}],"predecessor-version":[{"id":617,"href":"https:\/\/casa-comun-2022.de\/fr\/wp-json\/wp\/v2\/pages\/548\/revisions\/617"}],"wp:attachment":[{"href":"https:\/\/casa-comun-2022.de\/fr\/wp-json\/wp\/v2\/media?parent=548"}],"curies":[{"name":"wp","href":"https:\/\/api.w.org\/{rel}","templated":true}]}}