{"id":2,"date":"2021-02-17T14:21:43","date_gmt":"2021-02-17T14:21:43","guid":{"rendered":"https:\/\/casa-comun-2022.de\/?page_id=2"},"modified":"2022-07-27T08:22:19","modified_gmt":"2022-07-27T07:22:19","slug":"sample-page","status":"publish","type":"page","link":"https:\/\/casa-comun-2022.de\/fr\/","title":{"rendered":"Notre maison commune \u2013 Casa Com\u00fan"},"content":{"rendered":"\n<h3 class=\"wp-block-heading\"><em>Appel \u00e0 cr\u00e9er un espace de rencontre pour un \u0153cum\u00e9nisme proph\u00e9tique \u00e0 l\u00b4occasion de la 11\u00e8me Assembl\u00e9e du Conseil \u0153cum\u00e9nique des \u00c9glises (COE) \u00e0 Karlsruhe, Allemagne en 2022<\/em><\/h3>\n\n\n\n<p>Nous sommes un regroupement d\u00b4initiatives \u0153cum\u00e9niques de base d\u00b4Allemagne. Nous nous sommes associ\u00e9s pour contribuer de mani\u00e8re critique et constructive au grand \u00e9v\u00e9nement que le COE organise l\u00b4ann\u00e9e prochaine. C\u00b4est ce m\u00eame COE qui en 1983 a lanc\u00e9 le processus conciliaire \u201cJustice, paix et sauvegarde de la cr\u00e9ation\u201d (JPSC).<\/p>\n\n\n\n<p>Dans un premier temps, en avril 2020, dans une lettre ouverte<sup><a href=\"#sdfootnote1sym\"><sup>1<\/sup><\/a><\/sup> sign\u00e9e par d\u00b4\u00e9minents oecum\u00e9nistes du monde entier, nous avons exhort\u00e9 notamment les \u00c9glises allemandes, mais aussi le COE et le mouvement \u0153cum\u00e9nique dans son ensemble, \u00e0 d\u00e9battre (\u00e0 nouveau) de mani\u00e8re plus intensive et plus d\u00e9cisive des questions de survie de l\u00b4humanit\u00e9 et de la cr\u00e9ation ainsi que de leurs causes structurelles. En effet, au cours des derni\u00e8res d\u00e9cennies, le mouvement \u0153cum\u00e9nique s\u00b4\u00e9tait pench\u00e9 de mani\u00e8re intensive sur les conditions politico-\u00e9conomiques du moment et a finalement adopt\u00e9 une position claire et presque unanime dans ce domaine.<\/p>\n\n\n\n<p>Par exemple, lors de sa 10e Assembl\u00e9e, la F\u00e9d\u00e9ration luth\u00e9rienne mondiale a d\u00e9nonc\u00e9 l\u00b4ordre \u00e9conomique mondial, de plus en plus totalitaire, en le qualifiant d\u00b4\u201cidol\u00e2trie\u201d (Winnipeg 2003); l\u00b4Alliance r\u00e9form\u00e9e mondiale a confess\u00e9 lors de sa 24e Assembl\u00e9e: \u201cNous croyons que l\u2019int\u00e9grit\u00e9 de notre foi est en jeu si nous gardons le silence ou si nous refusons d\u2019agir face au syst\u00e8me actuel de la mondialisation \u00e9conomique n\u00e9olib\u00e9rale\u201d (Accra 2004); et la 10e Assembl\u00e9e du COE a d\u00e9nonc\u00e9 \u201cla domination du march\u00e9\u201d comme \u201cun syst\u00e8me mondial relevant de Mammon qui prot\u00e8ge la croissance illimit\u00e9e des seuls riches et puissants par le moyen d\u2019une exploitation sans frein\u201d (Busan 2013).<sup><a href=\"#sdfootnote2sym\"><sup>2<\/sup><\/a><\/sup><\/p>\n\n\n\n<p>Ces r\u00e9solutions, \u00e9labor\u00e9es syst\u00e9matiquement, rencontrent une belle co\u00efncidence avec les encycliques et les lettres apostoliques du pape Fran\u00e7ois. Toutefois, et malgr\u00e9 l\u00b4aggravation de notre crise civilisationnelle depuis lors, elles sont de plus en plus ignor\u00e9es \u2013 trop souvent probablement par crainte de conflits profonds avec les d\u00e9cideurs politiques et \u00e9conomiques.<\/p>\n\n\n\n<p>Face \u00e0 cette situation regrettable, nous invitons le mouvement \u0153cum\u00e9nique, en particulier nos s\u0153urs et fr\u00e8res du Sud, \u00e0 s\u2019associer \u00e0 notre projet avant et pendant la r\u00e9union du COE. \u00c0 cette fin, nous voulons organiser une Casa Com\u00fan \u201cvirtuelle\u201d avec des vid\u00e9oconf\u00e9rences, des sites web, etc., qui deviendra ensuite un v\u00e9ritable lieu de rassemblement pendant la r\u00e9union \u00e0 Karlsruhe.<\/p>\n\n\n\n<p>Plus que jamais, nous avons besoin d\u00b4une telle initiative proph\u00e9tique, car la terre, notre maison commune, est de plus en plus menac\u00e9e : les ravages caus\u00e9s par le syst\u00e8me capitaliste mondial ont litt\u00e9ralement pris des proportions \u00e9pid\u00e9miques. La r\u00e9partition des richesses devient de plus en plus obsc\u00e8ne, la migration (interne) a pris des proportions dramatiques dans le monde entier, les crises climatiques semblent presque impossibles \u00e0 contenir, les guerres sans fronti\u00e8res touchent de plus en plus les populations civiles, et de moins en moins de personnes ont encore confiance dans la d\u00e9mocratie, tant au niveau national que transnational. Au lieu de cela, beaucoup s\u00b4appuient maintenant sur des r\u00e9gimes et des structures autoritaires ou recourent \u00e0 un repli unilat\u00e9ral dans des espaces int\u00e9rieurs \u2013 pour le plus grand plaisir des dirigeants! Avec le proph\u00e8te J\u00e9r\u00e9mie, on pourrait se lamenter sans retenue : \u201cJ\u2019ai regard\u00e9 la terre : un chaos !\u201d (Jr 4 23).<\/p>\n\n\n\n<p>Ne devrions-nous pas nous plaindre comme J\u00e9r\u00e9mie ? Proclamer courageusement la v\u00e9rit\u00e9 ? Contrairement \u00e0 la majorit\u00e9 des \u00c9glises et des organisations de la soci\u00e9t\u00e9 civile, ne devrions-nous pas refuser de nous taire face \u00e0 la puissance \u00e9crasante des conditions actuelles, et rejeter de nous adapter ? Ne devrions-nous pas nous montrer solidaires des nombreuses initiatives et mouvements qui, eux aussi, existent dans ce monde : du mouvement pour la justice climatique, du mouvement des femmes, des insurg\u00e9s de Santiago du Chili, jusqu\u2019\u00e0 ceux de Rojava, au Kurdistan ? Ne devrions-nous pas, les \u00c9glises ne devraient-elles pas, \u00eatre inconditionnellement aux c\u00f4t\u00e9s de ceux qui se battent pour le droit \u00e0 la paix, \u00e0 la justice, \u00e0 la sant\u00e9 et \u00e0 un monde qui nous nourrit et que nous pr\u00e9serverions respectueusement ? Ne devrions-nous pas nous joindre \u00e0 eux pour d\u00e9velopper des signes et des pratiques de la succession proph\u00e9tique ? Souvent nous en sommes loin, souvent nous sommes devenus trop bourgeois, parfois r\u00e9sign\u00e9s \u00e0 l\u00b4apparente surpuissance des conditions actuelles, et nous nous soumettons aux suppos\u00e9es contraintes pratiques, pr\u00e9f\u00e9rant faire des petits pas dont nous savons pertinemment qu\u00b4ils sont insuffisants.<\/p>\n\n\n\n<p>Casa Com\u00fan \u00e9tait le nom d\u00b4une initiative en marge du Synode catholique romain sur<br>l\u00b4Amazonie en 2019, qui offrait aux fid\u00e8les et aux membres du synode l\u00b4occasion d\u00b4entrer en relations sur des questions essentielles. Nous voulons nous appuyer sur cette initiative : au cours de la r\u00e9union du COE, nous voulons, nous aussi, cr\u00e9er un espace pour un \u0153cum\u00e9nisme qui, dans les luttes de ce monde, prenne courageusement et r\u00e9solument le parti pour les opprim\u00e9s et se batte pour un monde o\u00f9 tous les peuples puisse vivre dans la dignit\u00e9 et la justice.<\/p>\n\n\n\n<p>Nous vous invitons tous \u00e0 participer \u00e0 cette Casa Com\u00fan comme lieu de rencontre, d\u00b4\u00e9change, d&#8217;apprentissage en commun et de spiritualit\u00e9 de la r\u00e9sistance. Ce sera un lieu pour tous ceux que se soucient d\u00b4une critique courageuse de nos conditions d\u2019existence, qui cherchent des moyens d\u00b4agir pour un changement fondamental et qui veulent s\u00b4unir dans ce but : des d\u00e9l\u00e9gu\u00e9s du COE, des chr\u00e9tiens d\u00b4initiatives \u0153cum\u00e9niques de base du monde entier, des militants de mouvements sociaux en Allemagne comme dans le Sud global, des personnes qui se soucient de l\u00b4esprit du processus conciliaire ainsi que tous ceux qui veulent r\u00e9fl\u00e9chir, discuter et \u00e9laborer avec nous des projets sur la mani\u00e8re dont nous pouvons participer efficacement aux luttes contre l\u00b4injustice et l\u00b4oppression.<\/p>\n\n\n\n<p>Nous ne voulons pas d\u00e9limiter d\u00b4avance les sujets qui seront mis \u00e0 l\u00b4ordre du jour, ni avec qui nous parlerons et \u00e0 quoi ressembleront les journ\u00e9es de rencontre dans notre Casa Com\u00fan. Nous voulons plut\u00f4t vous inviter \u00e0 un processus de r\u00e9flexion, au cours duquel nous discuterons et d\u00e9velopperons tout cela ensemble. D\u00e9j\u00e0 en pr\u00e9paration \u00e0 l\u00b4assembl\u00e9e du COE, nous voulons travailler \u00e0 l\u2019aide de groupes linguistiques, gr\u00e2ce \u00e0 des conf\u00e9rences virtuelles et des ateliers strat\u00e9giques sur des questions telles que : quels devraient \u00eatre les th\u00e8mes prioritaires pour un mouvement \u0153cum\u00e9nique proph\u00e9tique qui lirait de mani\u00e8re ad\u00e9quate les signes des temps ? Ou comment pourrons-nous faire entendre notre voix lors de la r\u00e9union du COE ?<\/p>\n\n\n\n<p>Nous comptons sur votre participation, votre cr\u00e9ativit\u00e9, pour, ensemble, redonner une nouvelle vie \u00e0 l\u00b4esprit de l&#8217;\u0153cum\u00e9nisme \u2013 pour que tous aient la vie en abondance (Jean 10 10)!<\/p>\n\n\n\n<p><a href=\"https:\/\/casa-comun-2022.de\/wp-content\/uploads\/2021\/03\/Aufruf-Casa-Comun-Franzoesisch-final.pdf\" data-type=\"URL\" data-id=\"https:\/\/casa-comun-2022.de\/wp-content\/uploads\/2021\/03\/Aufruf-Casa-Comun-Franzoesisch-final.pdf\" target=\"_blank\" rel=\"noreferrer noopener\">T\u00e9l\u00e9charger cet appel<\/a><\/p>\n\n\n\n<p>&#8211; &#8211; &#8211; &#8211; &#8211; &#8211; &#8211; &#8211; &#8211; &#8211; &#8211; &#8211; &#8211; &#8211; &#8211; &#8211; &#8211; &#8211; &#8211; &#8211; &#8211; &#8211; &#8211; &#8211; &#8211; &#8211; &#8211; &#8211; &#8211; &#8211; &#8211; &#8211; &#8211; &#8211; &#8211; &#8211; &#8211; &#8211; &#8211; &#8211; &#8211; &#8211; &#8211; &#8211; &#8211; &#8211; &#8211; &#8211; &#8211; &#8211; &#8211; &#8211; &#8211; &#8211; &#8211; &#8211; &#8211; &#8211; &#8211; &#8211; &#8211; &#8211; &#8211; &#8211; &#8211; &#8211; &#8211; &#8211; &#8211; &#8211; &#8211; &#8211; &#8211; &#8211; &#8211; &#8211; &#8211; &#8211; &#8211; &#8211; &#8211; &#8211; &#8211; &#8211; &#8211; &#8211; &#8211; &#8211; &#8211; &#8211; <\/p>\n\n\n\n<p><a href=\"#sdfootnote1anc\">1<\/a> Cette lettre ouverte, reconnue comme <a href=\"https:\/\/www.oikoumene.org\/fr\/news\/wcc-acting-general-secretary-reflects-on-open-letter-from-kairos-europa-about-wuppertal-declaration-on-socio-ecological-transformation\" data-type=\"URL\" data-id=\"https:\/\/www.oikoumene.org\/fr\/news\/wcc-acting-general-secretary-reflects-on-open-letter-from-kairos-europa-about-wuppertal-declaration-on-socio-ecological-transformation\" target=\"_blank\" rel=\"noreferrer noopener\">\u201ccritique constructive\u201d<\/a> par le secr\u00e9taire g\u00e9n\u00e9ral par int\u00e9rim du COE, peut \u00eatre consult\u00e9e <a href=\"https:\/\/kairoseuropa.de\/wp-content\/uploads\/2020\/04\/2021-Lettre-ouverte-final.pdf\" data-type=\"URL\" data-id=\"https:\/\/kairoseuropa.de\/wp-content\/uploads\/2020\/04\/2021-Lettre-ouverte-final.pdf\" target=\"_blank\" rel=\"noreferrer noopener\">voici<\/a>.<\/p>\n\n\n\n<p><a href=\"#sdfootnote2anc\">2<\/a> Nous faisons \u00e9galement r\u00e9f\u00e9rence ici au message \u0153cum\u00e9nique commun actuel \u201c<a href=\"https:\/\/www.oikoumene.org\/resources\/documents\/calling-for-an-economy-of-life-in-a-time-of-pandemic-a-joint-message-from-the-wcc-wcrc-lwf-and-cwm\" data-type=\"URL\" data-id=\"https:\/\/www.oikoumene.org\/resources\/documents\/calling-for-an-economy-of-life-in-a-time-of-pandemic-a-joint-message-from-the-wcc-wcrc-lwf-and-cwm\" target=\"_blank\" rel=\"noreferrer noopener\">Calling for an Economy of Life in a Time of Pandemic<\/a>\u201d.<\/p>\n","protected":false},"excerpt":{"rendered":"<p>Appel \u00e0 cr\u00e9er un espace de rencontre pour un \u0153cum\u00e9nisme proph\u00e9tique \u00e0 l\u00b4occasion de la 11\u00e8me Assembl\u00e9e du Conseil \u0153cum\u00e9nique des \u00c9glises (COE) \u00e0 Karlsruhe, Allemagne en 2022 Nous sommes un regroupement d\u00b4initiatives \u0153cum\u00e9niques de base d\u00b4Allemagne. Nous nous sommes associ\u00e9s pour contribuer de mani\u00e8re critique et constructive au grand \u00e9v\u00e9nement que le COE organise [&hellip;]<\/p>\n","protected":false},"author":1,"featured_media":0,"parent":0,"menu_order":0,"comment_status":"closed","ping_status":"open","template":"","meta":{"_mc_calendar":[],"footnotes":""},"class_list":["post-2","page","type-page","status-publish","hentry"],"translation":{"provider":"WPGlobus","version":"3.0.1","language":"fr","enabled_languages":["de","gb","es","fr"],"languages":{"de":{"title":true,"content":true,"excerpt":false},"gb":{"title":true,"content":true,"excerpt":false},"es":{"title":true,"content":true,"excerpt":false},"fr":{"title":true,"content":true,"excerpt":false}}},"_links":{"self":[{"href":"https:\/\/casa-comun-2022.de\/fr\/wp-json\/wp\/v2\/pages\/2","targetHints":{"allow":["GET"]}}],"collection":[{"href":"https:\/\/casa-comun-2022.de\/fr\/wp-json\/wp\/v2\/pages"}],"about":[{"href":"https:\/\/casa-comun-2022.de\/fr\/wp-json\/wp\/v2\/types\/page"}],"author":[{"embeddable":true,"href":"https:\/\/casa-comun-2022.de\/fr\/wp-json\/wp\/v2\/users\/1"}],"replies":[{"embeddable":true,"href":"https:\/\/casa-comun-2022.de\/fr\/wp-json\/wp\/v2\/comments?post=2"}],"version-history":[{"count":44,"href":"https:\/\/casa-comun-2022.de\/fr\/wp-json\/wp\/v2\/pages\/2\/revisions"}],"predecessor-version":[{"id":552,"href":"https:\/\/casa-comun-2022.de\/fr\/wp-json\/wp\/v2\/pages\/2\/revisions\/552"}],"wp:attachment":[{"href":"https:\/\/casa-comun-2022.de\/fr\/wp-json\/wp\/v2\/media?parent=2"}],"curies":[{"name":"wp","href":"https:\/\/api.w.org\/{rel}","templated":true}]}}