{"id":130,"date":"2021-02-22T15:33:25","date_gmt":"2021-02-22T14:33:25","guid":{"rendered":"https:\/\/casa-comun-2022.de\/?page_id=130"},"modified":"2021-03-02T12:55:45","modified_gmt":"2021-03-02T11:55:45","slug":"wer-wir-sind-was-wir-wollen","status":"publish","type":"page","link":"https:\/\/casa-comun-2022.de\/fr\/wer-wir-sind-was-wir-wollen\/","title":{"rendered":"Qui nous sommes &#038; ce que nous voulons"},"content":{"rendered":"\n<p>Notre alliance de groupes, organisations et r\u00e9seaux \u0153cum\u00e9niques de base de toute l&#8217;Allemagne, form\u00e9e en novembre 2019 \u00e0 l&#8217;initiative de repr\u00e9sentants de Kairos Europa, Pax Christi et Pro \u00d6kumene, consid\u00e8re la 11e Assembl\u00e9e du Conseil \u0153cum\u00e9nique des \u00c9glises (COE) \u00e0 Karlsruhe en 2022 comme une excellente occasion de ramener les priorit\u00e9s du processus conciliaire d&#8217;engagement mutuel pour la justice, la paix et l&#8217;int\u00e9grit\u00e9 de la cr\u00e9ation, qui a \u00e9t\u00e9 lanc\u00e9 par le COE en 1983, au centre de l&#8217;attention du public &#8211; en particulier des \u00c9glises et des mouvements sociaux.<\/p>\n\n\n\n<p>Nous partageons la conviction que l&#8217;engagement de notre r\u00e9seau \u0153cum\u00e9nique &#8220;Casa Com\u00fan 2022&#8221;, tant dans la p\u00e9riode pr\u00e9c\u00e9dant l&#8217;Assembl\u00e9e que pendant l&#8217;Assembl\u00e9e elle-m\u00eame, devrait viser avant tout \u00e0 ce que les \u00c9glises &#8211; en Allemagne comme dans le monde entier &#8211; traitent (\u00e0 nouveaux) de mani\u00e8re beaucoup plus intensive et surtout plus d\u00e9cisive les questions de survie de l&#8217;humanit\u00e9 et de la cr\u00e9ation, tant pour des raisons th\u00e9ologiques-eccl\u00e9siologiques que politiques. Et au vu des nombreux points chauds mondiaux qui s&#8217;aggravent consid\u00e9rablement, ils ne doivent en aucun cas se limiter dans ce d\u00e9bat \u00e0 des demandes de r\u00e9formes cosm\u00e9tiques du syst\u00e8me \u00e9conomique mondial structurellement destructeur. Il s&#8217;agit plut\u00f4t de former des alliances dans une perspective qui remet radicalement en question les structures de pouvoir socio-\u00e9conomiques et sociales et d&#8217;adopter une position et une action communes dans le cadre d&#8217;un dialogue s\u00e9rieux avec les jeunes g\u00e9n\u00e9rations. Comme le disent certains membres du mouvement pour le climat, &#8220;Changer le syst\u00e8me, pas le climat&#8221; ! La justice \u00e9conomique et climatique pour tous les peuples ne sera, dans l&#8217;\u00e9tat actuel des choses, atteinte que par une transformation socio-\u00e9cologique fondamentale. Et cela n\u00e9cessite en fin de compte de s&#8217;\u00e9loigner des moteurs capitalistes du profit et de la croissance qui ont domin\u00e9 nos \u00e9conomies jusqu&#8217;\u00e0 pr\u00e9sent, et de s&#8217;orienter vers une \u00e9conomie qui se concentre sur le bien commun et la protection des fondements naturels de la vie.<\/p>\n\n\n\n<p>Dans cet esprit, et encourag\u00e9 par la r\u00e9ponse positive du secr\u00e9taire g\u00e9n\u00e9ral ex\u00e9cutif du COE, le professeur Dr. Ioan Sauca, qui a accueilli notre premi\u00e8re d\u00e9claration publique (Lettre ouverte au mouvement \u0153cum\u00e9nique mondial, avril 2020) comme une &#8220;critique constructive&#8221; et une &#8220;contribution importante et pr\u00e9cieuse au mouvement \u0153cum\u00e9nique&#8221; qui &#8220;conduira, esp\u00e9rons-le, \u00e0 des discussions plus approfondies et \u00e0 des analyses plus pr\u00e9cises&#8221; &#8211; nous invitons le mouvement \u0153cum\u00e9nique, en particulier nos s\u0153urs et fr\u00e8res du Sud, \u00e0 se joindre \u00e0 nous dans nos activit\u00e9s avant et pendant la r\u00e9union du COE.<\/p>\n\n\n\n<p>En \u00e9troite coordination avec les partenaires de coop\u00e9ration des \u00e9glises et des organisations \u0153cum\u00e9niques, notre initiative de mise en r\u00e9seau souhaite concr\u00e9tiser un concept qui, sous le titre &#8220;Casa Com\u00fan 2022&#8221;, poursuit les intentions suivantes pour la p\u00e9riode de l&#8217;Assembl\u00e9e (AG) de Karlsruhe :<\/p>\n\n\n\n<p>\u2022 \u00catre un lieu de rencontre (personnage de caf\u00e9) &#8211; pour et entre les groupes cibles suivants :<br>\u25e6 l&#8217;\u0153cum\u00e9nisme de base ainsi que les mouvements sociaux du Sud et du Nord ;<br>\u25e6 les d\u00e9l\u00e9gu\u00e9s de l&#8217;Assembl\u00e9e et les autres participants ou observateurs de l&#8217;Assembl\u00e9e ;<br>\u25e6 les visiteurs de l&#8217;Assembl\u00e9e, les congr\u00e9gations locales et r\u00e9gionales, les membres du public int\u00e9ress\u00e9s ;<br>\u25e6 les journalistes des m\u00e9dias \u0153cum\u00e9niques et du paysage m\u00e9diatique en g\u00e9n\u00e9ral.<\/p>\n\n\n\n<p>\u2022 <em>\u00catre un lieu d&#8217; &#8211; approfondissement de l&#8217; &#8211; \u00e9change (caract\u00e8re de s\u00e9minaire et de maison d&#8217;enseignement)<\/em> &#8211; pour et entre les groupes cibles susmentionn\u00e9s &#8211; sur des th\u00e8mes prioritaires du processus conciliaire qui restent \u00e0 identifier, par exemple sous forme de<br>\u25e6 \u00e9v\u00e9nements sur les th\u00e9ories et les th\u00e9ologies postcoloniales, f\u00e9ministes, \u00e9cologiquement sensibles ou critiques \u00e0 l&#8217;\u00e9gard du racisme men\u00e9es par l&#8217;\u0153cum\u00e9nisme de base ;<br>\u25e6 \u00e9v\u00e9nements propos\u00e9s par des mouvements \u0153cum\u00e9niques et sociaux de base (s\u00e9minaires, ateliers, panels de discussion, etc.) sur des th\u00e8mes prioritaires de Casa Com\u00fan au-del\u00e0 des \u00e9v\u00e9nements de l&#8217;Assembl\u00e9e &#8211; possiblement avec un accent th\u00e9matique quotidien ;<br>\u25e6 \u00e9v\u00e9nements explicitement li\u00e9s \u00e0 l&#8217;Assembl\u00e9e et impliquant des d\u00e9l\u00e9gu\u00e9s du COE (poursuite et approfondissement des pl\u00e9ni\u00e8res th\u00e9matiques, conversations \u0153cum\u00e9niques, etc. &#8211; \u00e9galement avec un accent th\u00e9matique quotidien) ;<br>\u25e6 r\u00e9unions et conversations informelles de groupes souhaitant \u00e9laborer des textes et\/ou pr\u00e9parer des actions en r\u00e9f\u00e9rence aux \u00e9v\u00e9nements de l&#8217;Assembl\u00e9e.<\/p>\n\n\n\n<p>\u2022 <em>\u00catre un lieu de spiritualit\u00e9 de r\u00e9sistance (caract\u00e8re de d\u00e9votion et de maison de pri\u00e8re)<\/em> &#8211; par exemple sous forme de :<br>\u25e6 &#8220;pri\u00e8res politiques&#8221; du matin, du jour et de la nuit ;<br>\u25e6 \u00c9tudes bibliques, d\u00e9votions et m\u00e9ditations ;<br>\u25e6 Services AGAPE.<\/p>\n\n\n\n<p>\u2022 <em>\u00catre un lieu de cultures du monde (caract\u00e8re de maison d&#8217;art et de festival)<\/em> &#8211; par exemple sous forme de :<br>\u25e6 expositions th\u00e9matiques ;<br>\u25e6 concerts ;<br>\u25e6 th\u00e9\u00e2tre ;<br>\u25e6 &#8220;happenings&#8221; artistiques.<\/p>\n\n\n\n<p>Tout cela, nous voulons d\u00e9velopper ensemble d\u00e9j\u00e0 \u00e0 l&#8217;approche de l&#8217;assembl\u00e9e du COE. Nous voulons travailler \u00e0 l\u2019aide de groupes linguistiques, gr\u00e2ce \u00e0 des conf\u00e9rences virtuelles et des ateliers strat\u00e9giques sur des questions telles que : quels devraient \u00eatre les th\u00e8mes prioritaires pour un mouvement \u0153cum\u00e9nique proph\u00e9tique qui lirait de mani\u00e8re ad\u00e9quate les signes des temps ? Ou comment pourrons-nous faire entendre notre voix lors de la r\u00e9union du COE ?<\/p>\n\n\n\n<p>Notre choix de th\u00e8mes, qui reprend en partie consciemment l&#8217;agenda \u0153cum\u00e9nique officiel et le d\u00e9passe en partie consciemment, vise \u00e0 souligner que nous comprenons notre concept de Casa Com\u00fan explicitement aussi comme une offre aux \u00c9glises de l&#8217;Allemagne et du monde entier compl\u00e9tant l&#8217;Assembl\u00e9e du COE dans un sens critique et constructif, mais en m\u00eame temps nous voulons l&#8217;accentuer comme une alternative reconnaissable &#8211; capable, nous l&#8217;esp\u00e9rons, d&#8217;animer le &#8220;climat&#8221; du grand \u00e9v\u00e9nement \u0153cum\u00e9nique dans un sens positif.<\/p>\n\n\n\n<p>Pour cela, nous esp\u00e9rons votre participation et votre cr\u00e9ativit\u00e9, afin de remplir l&#8217;esprit de l&#8217;\u0153cum\u00e9nisme d&#8217;une nouvelle vie avec nous &#8211; pour une vie en pl\u00e9nitude pour tous !<\/p>\n","protected":false},"excerpt":{"rendered":"<p>Notre alliance de groupes, organisations et r\u00e9seaux \u0153cum\u00e9niques de base de toute l&#8217;Allemagne, form\u00e9e en novembre 2019 \u00e0 l&#8217;initiative de repr\u00e9sentants de Kairos Europa, Pax Christi et Pro \u00d6kumene, consid\u00e8re la 11e Assembl\u00e9e du Conseil \u0153cum\u00e9nique des \u00c9glises (COE) \u00e0 Karlsruhe en 2022 comme une excellente occasion de ramener les priorit\u00e9s du processus conciliaire d&#8217;engagement [&hellip;]<\/p>\n","protected":false},"author":1,"featured_media":0,"parent":0,"menu_order":0,"comment_status":"closed","ping_status":"closed","template":"","meta":{"_mc_calendar":[],"footnotes":""},"class_list":["post-130","page","type-page","status-publish","hentry"],"translation":{"provider":"WPGlobus","version":"3.0.1","language":"fr","enabled_languages":["de","gb","es","fr"],"languages":{"de":{"title":true,"content":true,"excerpt":false},"gb":{"title":true,"content":true,"excerpt":false},"es":{"title":true,"content":true,"excerpt":false},"fr":{"title":true,"content":true,"excerpt":false}}},"_links":{"self":[{"href":"https:\/\/casa-comun-2022.de\/fr\/wp-json\/wp\/v2\/pages\/130","targetHints":{"allow":["GET"]}}],"collection":[{"href":"https:\/\/casa-comun-2022.de\/fr\/wp-json\/wp\/v2\/pages"}],"about":[{"href":"https:\/\/casa-comun-2022.de\/fr\/wp-json\/wp\/v2\/types\/page"}],"author":[{"embeddable":true,"href":"https:\/\/casa-comun-2022.de\/fr\/wp-json\/wp\/v2\/users\/1"}],"replies":[{"embeddable":true,"href":"https:\/\/casa-comun-2022.de\/fr\/wp-json\/wp\/v2\/comments?post=130"}],"version-history":[{"count":15,"href":"https:\/\/casa-comun-2022.de\/fr\/wp-json\/wp\/v2\/pages\/130\/revisions"}],"predecessor-version":[{"id":222,"href":"https:\/\/casa-comun-2022.de\/fr\/wp-json\/wp\/v2\/pages\/130\/revisions\/222"}],"wp:attachment":[{"href":"https:\/\/casa-comun-2022.de\/fr\/wp-json\/wp\/v2\/media?parent=130"}],"curies":[{"name":"wp","href":"https:\/\/api.w.org\/{rel}","templated":true}]}}