{"id":431,"date":"2022-01-18T23:03:05","date_gmt":"2022-01-18T22:03:05","guid":{"rendered":"https:\/\/casa-comun-2022.de\/?page_id=431"},"modified":"2022-04-20T16:46:00","modified_gmt":"2022-04-20T15:46:00","slug":"barcamp","status":"publish","type":"page","link":"https:\/\/casa-comun-2022.de\/es\/barcamp\/","title":{"rendered":"BarCamp am 07. Mai 2022"},"content":{"rendered":"\n<figure class=\"wp-block-image size-large\"><img loading=\"lazy\" decoding=\"async\" width=\"1024\" height=\"1024\" src=\"https:\/\/casa-comun-2022.de\/wp-content\/uploads\/2022\/04\/grafik-1024x1024.png\" alt=\"\" class=\"wp-image-480\" srcset=\"https:\/\/casa-comun-2022.de\/wp-content\/uploads\/2022\/04\/grafik-1024x1024.png 1024w, https:\/\/casa-comun-2022.de\/wp-content\/uploads\/2022\/04\/grafik-300x300.png 300w, https:\/\/casa-comun-2022.de\/wp-content\/uploads\/2022\/04\/grafik-150x150.png 150w, https:\/\/casa-comun-2022.de\/wp-content\/uploads\/2022\/04\/grafik-768x768.png 768w, https:\/\/casa-comun-2022.de\/wp-content\/uploads\/2022\/04\/grafik.png 1080w\" sizes=\"auto, (max-width: 1024px) 100vw, 1024px\" \/><\/figure>\n\n\n\n<p><strong>Digitales BarCamp \u2013 \u201eim neuen Miteinander den Mangel \u00fcberwinden\u201c<\/strong><\/p>\n\n\n\n<p>Am Samstag, den 07.05.2022 veranstaltet das Casa Comun von 10:00 Uhr bis 15:00 Uhr ein zweites Mal ein digitales BarCamp. Angeregt durch die gegenseitige Bereicherung und die neu entstandenen Netzwerke beim ersten Mal (<a href=\"https:\/\/padlet.com\/Haverland\/BarCamp\" class=\"broken_link\">https:\/\/padlet.com\/Haverland\/BarCamp<\/a>) gehen wir nun also wieder an die \u00d6ffentlichkeit. Diesmal geht es darum, den Mangel zu \u00fcberwinden, indem thematisiert wird, wie ein neues bereicherndes Miteinander aussehen kann, das Herz und Verstand, Intuition und Inspiration belebt. Das Casa Comun m\u00f6chte mit dieser Veranstaltung angesichts der ungel\u00f6sten Herausforderungen und akuten Zuspitzungen im Zusammenhang mit der 11. Vollversammlung des \u00d6kumenischen Rates der Kirchen (\u00d6RK) im Sp\u00e4tsommer 2022 in Karlsruhe Ideen liefern und Begeisterung wecken. Damit Wege und Weite sich auf\u00adtun, wie wir aus dem Zustand emotionaler Mangelkulturen und leerer Herzen herauskommen. Stressoren gibt es ge\u00adnug. Ko-Kreation und wechsel\u00adseitiges ins Florieren kommen sind das Gebot der Stunde. Ohne gemeinsam getragene R\u00e4u\u00ad\u00adme und Mut, sich zu zeigen bleiben wir indes in alten Mustern h\u00e4ngen, kapitu\u00adlieren vor allgegenw\u00e4rtigen Infor\u00adma\u00adtions\u00adfluten und Privilegienherrschaft oder lassen unsere kreativen Kr\u00e4fte ver\u00f6den. Die F\u00fclle miteinander wieder\u00adent\u00addecken und in die Welt bringen, ohne dass wir uns die Umwelt oder die Generation Corona sch\u00f6nreden m\u00fcssen &#8211; das wird der leuchtende Teil dieses BarCamps sein. Natur, Sonne und Menschen sind f\u00fcr manche ja fast schon wie ein Schock. Und doch gibt es all die \u00fcberlegenen konzeptionellen Entw\u00fcrfe und all das Know-how ja be\u00adreits, die uns \u00fcber die vielf\u00e4ltigen Spaltungen, Spannungen, mentalen Belastungen und Einsam\u00adkeits\u00adgef\u00fchle hinaus\u00adwach\u00adsen lassen. Lasst uns diese Dinge also einander zug\u00e4nglich machen, um das Geheimnis zu bewohnen und einen Austausch der geistlichen Gaben pflegen.<\/p>\n\n\n\n<p>Denn schon vor Corona galt: Beziehungen gingen in die Br\u00fcche, Austausch auf Augenh\u00f6he, offenherzige und pr\u00e4sente Dis\u00ad\u00adkuss\u00adionen und Begegnungen gingen zur\u00fcck. Unter Corona-Bedingungen fuhren einige in r\u00fcckw\u00e4rtsgewandten Mustern fest. Zur gleichen Zeit aber wachsen wirklich und wahrhaftig im Gro\u00dfen wie im Kleinen jede Menge produktive Aufbruchs\u00adbewegungen. Mit ihnen wird der Ruf und die Sehnsucht nach einer neuen Form von N\u00e4he und Miteinander lauter. Bed\u00fcrf\u00adnisse, W\u00fcnsche, Sehns\u00fcchte und Ber\u00fchrbarkeit werden gelebt und offen angesprochen. Und auch, welche stabilisierende Rolle christliche und inter-religi\u00f6s warmherzige Spiritualit\u00e4ten \u2013 solange sie nicht zu einem \u201espiritual bypassing\u201c miss\u00adbraucht werden &#8211; in diesem Kontext einnehmen k\u00f6nnen, wird Thema werden. Wir sind bereit f\u00fcr echten, lebens\u00adhaltigen Austausch und das Herausfiltern dessen, was wirklich tr\u00e4gt. Am Ende kannst Du vielleicht deine eigene F\u00fclle klarer sehen, erkennst was oder wer Dich inspiriert und bereichert und was Dich antreibt oder aufh\u00e4lt Dich zu entwickeln und zu zeigen.<\/p>\n\n\n\n<p>Den Einstieg h\u00e4lt Mah\u00e9 Ravi Hardev. Sie sieht sich als herzzentrierte Mystikerin f\u00fcr somatische Traumaheilung und wilde Gef\u00fchlsalchemie und arbeitet mit kollektiven und entwicklungsbedingten Traumata. Nicht umsonst steht sie am Anfang. Denn sie bringt das Vernachl\u00e4ssigte ans Licht, n\u00e4hrt das Abgelehnte nach und erweckt die Lebendigkeit unserer K\u00f6rper und Herzen. Ausgehend von ihrer eigenen Heilungsreise von Trauma und unterdr\u00fcckten Emotionen ist es ihr Anliegen, tiefe Intimit\u00e4t, herzzentrierte Verbindung und spielerische Lebendigkeit in das Leben zu bringen. Sie ist davon \u00fcberzeugt, dass die Tiefen unserer Wunden das Potenzial haben, zu der Liebe und Pr\u00e4senz zur\u00fcckzubringen, nach der sich Herz und K\u00f6rper zutiefst sehnen. Im Anschluss daran werden verschiedene, parallel stattfindende Workshops in break-out-R\u00e4umen stattfinden, die alle mit auf ihre eigene Lernreise nehmen.<\/p>\n\n\n\n<p>Ein BarCamp lebt davon, dass die Teilnehmenden ihre eigenen Themen mitbringen und diese in 20-30-min\u00fctigen Sessions zur Diskussion stellen. Ziel ist es, andere mit eigenen Perspektiven und Ideen zu ber\u00fchren, sich anzustecken und inspirieren, radikale Ehrlichkeit zu \u00fcben und sich von anderen Sichtweisen anregen zu lassen. \u201eDabei setzen wir auf einen Austausch auf Augenh\u00f6he, voller Mut f\u00fcr Neues, Kritik und Diversit\u00e4t\u201c freut sich die Medizinerin Johanna Schumann. Die Teilnahme an der digitalen Veranstaltung ist kostenlos. Hier k\u00f6nnen sich Interessierte direkt anmelden:<\/p>\n\n\n\n<p><a href=\"https:\/\/docs.google.com\/forms\/d\/e\/1FAIpQLSeDclNhSazAtpTIjk74R8YoH_WKa3YmPFhRukBCPFKX-cfQXA\/viewform?usp=sf_link\" target=\"_blank\" rel=\"noreferrer noopener\" class=\"broken_link\">https:\/\/docs.google.com\/forms\/d\/e\/1FAIpQLSeDclNhSazAtpTIjk74R8YoH_WKa3YmPFhRukBCPFKX-cfQXA\/viewform?usp=sf_link<\/a><\/p>\n\n\n\n<p><strong>Was ist das Casa Comun 2022?<\/strong><\/p>\n\n\n\n<p>Ziel der basis\u00f6kumenischen Casa Comun-Initiative wird es auch bei der 11. Vollversammlung des \u00d6kumenischen Rates der Kirchen im katholischen Stadtkloster in Karlsruhe sein, einen fruchtbaren Ort der Begegnung zu schaffen, in einen substanziellen interkulturellen und befreiungstheologisch inspirierten Austausch zu kommen, neue Ideen heranreifen zu lassen, die Mystik in die Politik und die Wirtschaft zu tragen. Bereits im April 2020 wurde hierf\u00fcr ein offener Brief an die weltweite \u00d6kumene verfasst, der die dringende Besch\u00e4ftigung mit den weltbeherrschenden multiplen Krisen im Vorfeld der \u00d6RK-Vollversammlung einforderte. Im Mittelpunkt steht die Suche nach einer prophetischen Entwicklung; pers\u00f6nlich, kirchlich und gesamtgesellschaftlich. Die Richtung gebende Frage ist: Wie gelingt es angesichts der \u00e4u\u00dferen Krisen, R\u00e4ume f\u00fcr neue Beziehungsqualit\u00e4ten zu schaffen, die gepr\u00e4gt sind von F\u00fclle und Lebendigkeit, von Wechselseitigkeit und liebevoller Annahme? (<a href=\"http:\/\/www.casa-comun-2022.de\/\">www.casa-comun-2022.de<\/a>) Alle acht Jahre trifft sich die Weltchristenheit zur Vollversammlung des \u00d6kumenischen Rates der Kirchen. Nun wieder mit offiziellen internationalen Delegierten und mehreren tausend G\u00e4sten vom 31.8.-7.9 2022 in Karlsruhe. Das Motto lautet \u201eDie Liebe Christi bewegt, vers\u00f6hnt und eint die Welt\u201c.<\/p>\n\n\n\n<p><strong>Kontakt\/R\u00fcckfragen:<\/strong><\/p>\n\n\n\n<p>Lic. Theol. Peter Sch\u00f6nh\u00f6ffer M.A, Im Rheinweg 1, 55218 Ingelheim<\/p>\n\n\n\n<p>Tel.: 06132\/434060 \/ Email: <a href=\"mailto:peter-schoenhoeffer@web.de\">peter-schoenhoeffer@web.de<\/a><\/p>\n\n\n\n<p><\/p>\n\n\n\n<p><\/p>\n\n\n\n<h2 class=\"wp-block-heading\">BarCamp am 05. Februar 2022<\/h2>\n\n\n\n<h2 class=\"wp-block-heading\">&#8220;Den Wandel in die Welt bringen&#8221;<\/h2>\n\n\n\n<figure class=\"wp-block-image size-large\" id=\"Einladung-BarCamp\"><img loading=\"lazy\" decoding=\"async\" width=\"1024\" height=\"1024\" src=\"https:\/\/casa-comun-2022.de\/wp-content\/uploads\/2022\/01\/Den-wandel-in-die-welt-tragen-1-1024x1024.jpg\" alt=\"Einladung zum Teilen und Weiterverschicken\" class=\"wp-image-454\" srcset=\"https:\/\/casa-comun-2022.de\/wp-content\/uploads\/2022\/01\/Den-wandel-in-die-welt-tragen-1-1024x1024.jpg 1024w, https:\/\/casa-comun-2022.de\/wp-content\/uploads\/2022\/01\/Den-wandel-in-die-welt-tragen-1-300x300.jpg 300w, https:\/\/casa-comun-2022.de\/wp-content\/uploads\/2022\/01\/Den-wandel-in-die-welt-tragen-1-150x150.jpg 150w, https:\/\/casa-comun-2022.de\/wp-content\/uploads\/2022\/01\/Den-wandel-in-die-welt-tragen-1-768x768.jpg 768w, https:\/\/casa-comun-2022.de\/wp-content\/uploads\/2022\/01\/Den-wandel-in-die-welt-tragen-1.jpg 1080w\" sizes=\"auto, (max-width: 1024px) 100vw, 1024px\" \/><figcaption>&#8220;Den Wandel in die Welt bringen&#8221; (c) Sophia Shirin<\/figcaption><\/figure>\n\n\n\n<p>Die Herausforderungen der Welt in Wirtschaft, Klima, politischen Strukturen und Gesellschaft schreien nach fundamentalen Ver\u00e4nderungen, die nicht durch bequeme Beharrungspositionen oder phlegmatischem Wegducken erreicht werden k\u00f6nnen. Es gibt sie schon, die zaghaften Ans\u00e4tze einer sozial-\u00f6kologischen Transformation, aufgeweckte Menschen, die die Dramatik der Zeit erkannt haben, unbequeme Menschen, die nicht locker lassen und mahnend ihre Stimmen erheben&#8230;<\/p>\n\n\n\n<p><em>\u201cDen Wandel in die Welt bringen\u201d<\/em> &#8211; so lautet die \u00dcberschrift unseres ersten digitalen BarCamps im Vorfeld der 11. \u00d6RK-Vollversammlung in Karlsruhe. Der Ruf nach Ver\u00e4nderungen wird immer notwendiger und pr\u00e4senter und durchdringt mittlerweile nahezu alle Bereiche (Umwelt, Kirche, Wirtschaft, pers\u00f6nliche Beziehungen, Gesundheits-\/Bildungswesen&#8230;). Diese Entwicklungen bringen eine Reihe von Fragen mit sich: <\/p>\n\n\n\n<ul class=\"wp-block-list\"><li>Wie und wo m\u00f6chte und kann ich Wandel in die Welt tragen? <\/li><li>Was oder wer inspiriert mich? <\/li><li>Was verstehe ich unter moderner Prophetie? <\/li><li>Was treibt mich an und was h\u00e4lt mich davon ab?<\/li><\/ul>\n\n\n\n<p>Angeregt durch das Fragen der heranwachsenden Generation und ihre Art Antworten im Netz und im Austausch zu finden, laden wir zu diesem digitalen BarCamp ein:<\/p>\n\n\n\n<p>am <strong>Samstag, den 05. Februar 2022 von 10:00 bis 15:00 Uhr <\/strong>(via Zoom)<\/p>\n\n\n\n<p><strong>Anmeldungen sind ab sofort m\u00f6glich: <a href=\"https:\/\/docs.google.com\/forms\/d\/e\/1FAIpQLSeDclNhSazAtpTIjk74R8YoH_WKa3YmPFhRukBCPFKX-cfQXA\/viewform\" type=\"URL\" id=\"https:\/\/docs.google.com\/forms\/d\/e\/1FAIpQLSeDclNhSazAtpTIjk74R8YoH_WKa3YmPFhRukBCPFKX-cfQXA\/viewform\" target=\"_blank\" rel=\"noreferrer noopener\" class=\"broken_link\">kostenlose Anmeldung<\/a><\/strong><\/p>\n\n\n\n<p>Wir sind gespannt auf Dich, Deine Perspektiven, Deine Ideen, Deine Fragen und Deine Expertise. Wir freuen uns auf einen belebten, bunten Ort voller Neugierde, Offenheit und Kreativit\u00e4t. Wir setzen auf einen Austausch auf Augenh\u00f6he, voller Mut f\u00fcr Neues, Kritik und Diversit\u00e4t.<\/p>\n\n\n\n<p>Also sei dabei und gestalte diesen Ort mit!<\/p>\n\n\n\n<h4 class=\"wp-block-heading\">Die Methode des BarCamps<\/h4>\n\n\n\n<ul class=\"wp-block-list\"><li>Das BarCamp &#8211; Ein lebendiger Ort, an dem jede:r Experte:Expertin ist.<\/li><li>Ein Ort gepr\u00e4gt von Begegnung, Wertsch\u00e4tzung, Toleranz, Diskussion und Kritik. <\/li><li>Ein Ort, an dem Deine Meinung, Deine Gedanken, Zweifel, Fragen und Antworten Platz haben und ausgesprochen werden d\u00fcrfen.&nbsp;&nbsp;<\/li><\/ul>\n\n\n\n<p>Vielleicht hast du schon einmal etwas von der Methode des BarCamps geh\u00f6rt. Es ist ein Treffen zu einem ausgew\u00e4hlten Gesamtthema, bei dem die Teilnehmenden nach einem Impulsreferat und einer kurzer Einf\u00fchrung in die Methode des BarCamps und der gemeinsamen Sessionplanung selbst kleine Workshops anbieten. Diese werden w\u00e4hrend der Sessionplanung kurz vorgestellt und je nach Resonanz zu einem Ablaufplan zusammengef\u00fcgt, so dass am Ende eine Vielzahl verschiedener, parallel stattfindender Kleingruppen (Sessions) stattfinden, die je nach pers\u00f6nlicher Interessenlage besucht werden k\u00f6nnen. Die 20min\u00fctigen Sessions mit ihren je eigenen Unterthemen k\u00f6nnen in der Form (z.B. Seminar, Dialog, Vortrag, Sprache&#8230;) ganz frei gestaltet werden. Alle BarCamp-Teilnehmenden sind dadurch gleichzeitig BarCamp-Mitgestaltende. Also auch Du kannst deine Ideen, Fragen oder Perspektiven zur \u00dcberschrift <em>&#8220;Den Wandel in die Welt bringen&#8221; <\/em>einbringen und so alle anderen inspirieren und dich von anderen Sichtweisen inspirieren lassen. Und sollte mal in einer Runde nichts f\u00fcr dich dabei sein, dann genie\u00dfe die Pause, denke vielleicht einen Gedanken aus der letzten Session weiter oder verabrede dich mit dem einen oder der anderen Gespr\u00e4chspartner*in. Auf jeden Fall sei zur Abschlussrunde am Ende wieder mit dabei!<\/p>\n\n\n\n<p>Dieses BarCamp findet grunds\u00e4tzlich in deutscher Sprache statt. Solltest Du aber gerne eine Session in einer anderen Sprache anbieten oder Du kennst jemanden, der zu dem Thema etwas Wichtiges zu sagen hat, aber eine andere Sprache spricht &#8211; kein Problem: Wir haben f\u00fcr jede Sessionrunde min. einen Raum vorgesehen, in dem eine anderssprachige Session ohne \u00dcbersetzung angeboten werden kann.<\/p>\n\n\n\n<p>N\u00e4here Informationen zur Methode: <a href=\"http:\/\/YouTube-Video: Was ist ein BarCamp?\" data-type=\"URL\" data-id=\"YouTube-Video: Was ist ein BarCamp?\" target=\"_blank\" rel=\"noreferrer noopener\">YouTube-Video: Was ist ein BarCamp?<\/a>&nbsp;<\/p>\n\n\n\n<h4 class=\"wp-block-heading\">Ablauf des digitalen BarCamps am 05. Februar 2022<\/h4>\n\n\n\n<p>Ab 9:45h ist der Zoomraum ge\u00f6ffnet &#8211; wir freuen uns \u00fcber alle, die schon einmal reinschauen, die Technik testen und sich dann noch ein Getr\u00e4nk holen<\/p>\n\n\n\n<ul class=\"wp-block-list\"><li>10:00 Uhr Begr\u00fc\u00dfung und Andacht<\/li><li>10:30 Uhr <strong>Keynote &#8220;Vier prophetische Stimmen unserer Zeit&#8221;<\/strong><\/li><li>11:00 Uhr Vorstellung der Methode des BarCamps und gemeinsame Sessionplanung<\/li><li>12:00 Uhr <strong>1. Session-Runde<\/strong><\/li><li>12:45 Uhr <strong>2. Session-Runde<\/strong><\/li><li>13:30 Uhr <strong>3. Session-Runde<\/strong><\/li><li>14:15 Uhr <strong>4. Session-Runde<\/strong><\/li><li>14:45 Uhr <strong>Abschlussplenum<\/strong> und Ausblick<\/li><\/ul>\n\n\n\n<h4 class=\"wp-block-heading\">Die Keynote &#8220;Vier prophetische Stimmen unserer Zeit&#8221;<\/h4>\n\n\n\n<p>Am Anfang der Fridays4future-Bewegung standen keine gro\u00dfen Worte, sondern der Schriftzug <em>&#8220;Skolstrejk f\u00f6r klimatet&#8221; <\/em>auf einem Plakat einer schwedischen Sch\u00fclerin, die sich damit vor dem schwedischen Reichstag in Stockholm platzierte. In der Mitte einer weltweiten Pandemie rufen laute Stimmen zum Protest gegen die &#8220;Impfdiktatur&#8221; auf, w\u00e4hrend wo anders Gelder f\u00fcr Impfstoffe fehlen. In der Bibel lesen wir von zahlreichen Propheten und auch von welchen, die aus verschiedenen Gr\u00fcnden das Gef\u00fchl hatten der Aufgabe nicht gewachsen zu sein &#8211; der weitere Verlauf der Geschichte entschied \u00fcber ihren prophetischen Wert. Wer seinen Mund nicht f\u00fcr andere \u00f6ffnet macht sich am Verschweigen von Problemen mitschuldig. Wir haben vier Menschen unserer Zeit gebeten gemeinsam die Keynote zu sprechen und unter den Vorzeichen des BarCamps trauen sie sich daran &#8211; vor allem um dem weiteren Austausch in den Sessions anzuregen und damit wir heute schon in den Austausch kommen. <\/p>\n\n\n\n<p><em>Louisa Wulf<\/em> (25) hat in mehreren Auslandsaufenthalten das Leben an unterschiedlichen Orten erleben d\u00fcrfen, und sich nach dem Bachelor in Hamburg f\u00fcr das Studium der Friedens- und Konfliktforschung in Marburg entschieden. Aktuell besch\u00e4ftigt sie sich viel mit einer inklusiveren&nbsp;Erinnerungskultur, in der auch in Deutschland lebende Minderheiten ihren Platz haben und gesellschaftliche Teilhabe erfahren. Insbesondere Menschen mit Fluchthintergrund und das Aufmerksammachen auf die menschenunw\u00fcrdige europ\u00e4ische Au\u00dfenpolitik liegen ihr dabei am Herzen.<\/p>\n\n\n\n<p><em>Johanna Schumann <\/em>(27) befindet sich als Medizinstudentin im letzten Jahr ihrer Ausbildung und begegnet Menschen in den unterschiedlichen Lebenssituationen. Dabei liegt der Leipzigerin am Herzen zusammen mit den Menschen zu schauen, welche Bed\u00fcrfnisse eigentlich hinter unseren teils destruktiven Verhaltensweisen liegen. Als Ausgleich hat sie f\u00fcr sich das Schreiben wiederentdeckt und verarbeitet so verschiedene Themen und Gedanken (<a rel=\"noreferrer noopener\" href=\"https:\/\/facebook.com\/Leijasgedanken\/\" target=\"_blank\">Leija&#8217;s Gedanken<\/a>).<\/p>\n\n\n\n<p><em>Verena Reger <\/em>(37) aus Augsburg hat Medien und Kommunikation studiert. Sie greift als Singersongwriterin in ihren Texten als \u201eKatze K\u00f6nigsberg\u201c gesellschaftliche Missst\u00e4nde auf und m\u00f6chte pers\u00f6nliche Mutmacherin f\u00fcr ihre Zuh\u00f6rer*innen sein, indem sie diese Missst\u00e4nde klar anspricht. Besonders bewegen sie die Unmenschlichkeit in der heutigen Arbeitswelt sowie Themen wie Depression und Sinnkrisen, in die hochsensible Menschen unter diesen Bedingungen schnell geraten. <a rel=\"noreferrer noopener\" href=\"https:\/\/www.youtube.com\/channel\/UCJqawSq2exYjeM3cMMdVLHA\" target=\"_blank\" data-type=\"URL\" data-id=\"https:\/\/www.youtube.com\/channel\/UCJqawSq2exYjeM3cMMdVLHA\">Link zu ihren Liedern<\/a><\/p>\n\n\n\n<p><em>Jens Haverland <\/em>(39) ist als \u00d6kumenepastor im Kirchenkreis Rantzau-M\u00fcnsterdorf dort unterwegs, wo die Kirche sich in verschiedenen gesellschaftlichen Bereichen einsetzt &#8211; sei es f\u00fcr menschenw\u00fcrdige Arbeitsverh\u00e4ltnisse in der Fleischindustrie, Bewahrung der Sch\u00f6pfung und Klimagerechtigkeit oder die interkulturelle \u00d6ffnung seiner Kirche. Als Gesch\u00e4ftsf\u00fchrer der Arbeitsgemeinschaft Christlicher Kirchen in Schleswig-Holstein erh\u00e4lt er Einblicke in die verschiedenen Herausforderungen unterschiedlicher Kirchen und deren Zusammenwirken in die Zivilgesellschaft hinein.<\/p>\n\n\n\n<p><strong>Die Zugangsdaten werden nach abgeschlossener <a rel=\"noreferrer noopener\" href=\"https:\/\/docs.google.com\/forms\/d\/e\/1FAIpQLSeDclNhSazAtpTIjk74R8YoH_WKa3YmPFhRukBCPFKX-cfQXA\/viewform\" target=\"_blank\" class=\"broken_link\">Anmeldung <\/a>(nicht vergessen auf <em>&#8216;Senden&#8217;<\/em> zu dr\u00fccken!) am Tag vor dem BarCamp verschickt.<\/strong><\/p>\n","protected":false},"excerpt":{"rendered":"<p>Unser erstes digitales BarCamp im Vorfeld der 11. \u00d6RK-Vollversammlung in Karlsruhe findet bereits am 05. Februar von 10:00-15:00 Uhr statt. Der Ruf nach Ver\u00e4nderungen wird immer notwendiger und pr\u00e4senter und durchdringt mittlerweile nahezu alle Bereich des gesellschaftlichen Lebens. Angeregt durch das Fragen der heranwachsenden Generation und ihrer Art Antworten im Netz und im Austausch zu finden, wollen wir uns den Fragen stellen: Wie und wo m\u00f6chte und kann ich Wandel in die Welt tragen?, Was oder wer inspiriert mich?, Was verstehe ich unter moderner Prophetie?, Was treibt mich an und was h\u00e4lt mich davon ab?, &#8230; (mehr)<\/p>\n","protected":false},"author":1,"featured_media":454,"parent":0,"menu_order":0,"comment_status":"closed","ping_status":"closed","template":"","meta":{"_mc_calendar":[],"footnotes":""},"class_list":["post-431","page","type-page","status-publish","has-post-thumbnail","hentry"],"translation":{"provider":"WPGlobus","version":"3.0.1","language":"es","enabled_languages":["de","gb","es","fr"],"languages":{"de":{"title":true,"content":true,"excerpt":true},"gb":{"title":false,"content":false,"excerpt":false},"es":{"title":false,"content":false,"excerpt":false},"fr":{"title":false,"content":false,"excerpt":false}}},"_links":{"self":[{"href":"https:\/\/casa-comun-2022.de\/es\/wp-json\/wp\/v2\/pages\/431","targetHints":{"allow":["GET"]}}],"collection":[{"href":"https:\/\/casa-comun-2022.de\/es\/wp-json\/wp\/v2\/pages"}],"about":[{"href":"https:\/\/casa-comun-2022.de\/es\/wp-json\/wp\/v2\/types\/page"}],"author":[{"embeddable":true,"href":"https:\/\/casa-comun-2022.de\/es\/wp-json\/wp\/v2\/users\/1"}],"replies":[{"embeddable":true,"href":"https:\/\/casa-comun-2022.de\/es\/wp-json\/wp\/v2\/comments?post=431"}],"version-history":[{"count":24,"href":"https:\/\/casa-comun-2022.de\/es\/wp-json\/wp\/v2\/pages\/431\/revisions"}],"predecessor-version":[{"id":547,"href":"https:\/\/casa-comun-2022.de\/es\/wp-json\/wp\/v2\/pages\/431\/revisions\/547"}],"wp:featuredmedia":[{"embeddable":true,"href":"https:\/\/casa-comun-2022.de\/es\/wp-json\/wp\/v2\/media\/454"}],"wp:attachment":[{"href":"https:\/\/casa-comun-2022.de\/es\/wp-json\/wp\/v2\/media?parent=431"}],"curies":[{"name":"wp","href":"https:\/\/api.w.org\/{rel}","templated":true}]}}