{"id":2,"date":"2021-02-17T14:21:43","date_gmt":"2021-02-17T14:21:43","guid":{"rendered":"https:\/\/casa-comun-2022.de\/?page_id=2"},"modified":"2022-07-27T08:22:19","modified_gmt":"2022-07-27T07:22:19","slug":"sample-page","status":"publish","type":"page","link":"https:\/\/casa-comun-2022.de\/es\/","title":{"rendered":"Nuestra Casa Com\u00fan"},"content":{"rendered":"\n<h3 class=\"wp-block-heading\"><em>Llamado a un lugar de encuentro para promover, compartir y celebrar un ecumenismo prof\u00e9tico con motivo de la 11\u00aa Asamblea del Consejo Mundial de Iglesias (CMI) en Karlsruhe, Alemania en 2022<\/em><\/h3>\n\n\n\n<p>Nosotros y nosotras, representantes de diversas iniciativas ecum\u00e9nicas de base en Alemania, hemos decidido unirnos para acompa\u00f1ar de forma cr\u00edtica y constructiva el gran evento del CMI del pr\u00f3ximo a\u00f1o. El propio CMI lanz\u00f3 en 1983 el proceso conciliar de compromiso mutuo con la justicia, la paz y la integridad de la creaci\u00f3n.<\/p>\n\n\n\n<p>Como primer paso, en abril de 2020, en una carta abierta<sup><a href=\"#sdfootnote1sym\"><sup>1<\/sup><\/a><\/sup> firmada por ecumenistas de todo el mundo, instamos a las iglesias alemanas en particular, as\u00ed como al CMI y al movimiento ecum\u00e9nico en su conjunto a encarar (de nuevo) con mayor intensidad y decisi\u00f3n la crisis actual de supervivencia de la humanidad y la creaci\u00f3n y sus causas estructurales.<\/p>\n\n\n\n<p>En las \u00faltimas d\u00e9cadas el movimiento ecum\u00e9nico dio evidencias de ocuparse con intensidad y sistematicidad del debate sobre las condiciones pol\u00edtico-econ\u00f3micas imperantes y, finalmente, adopt\u00f3 una posici\u00f3n casi un\u00e1nime y clara. Por ejemplo, en su 10\u00aa Asamblea, la Federaci\u00f3n Luterana Mundial denunci\u00f3 el orden econ\u00f3mico mundial imperante, cada vez m\u00e1s totalitario, como \u201cidolatr\u00eda\u201d (Winnipeg 2003); la Alianza Mundial de Iglesias Reformadas confes\u00f3 en su 24\u00aa Asamblea: \u201cCreemos que la integridad de nuestra fe corre peligro si guardamos silencio o nos negamos a actuar frente al sistema actual de globalizaci\u00f3n econ\u00f3mica neoliberal\u201d (Accra 2004); y la 10\u00aa Asamblea del CMI denunci\u00f3 la \u201cdominaci\u00f3n del mercado\u201d como \u201cun sistema mundial dominado por la codicia y el dinero que protege el crecimiento ilimitado de la riqueza de los ricos y poderosos mediante una explotaci\u00f3n sin l\u00edmites\u201d (Busan 2013).<sup><a href=\"#sdfootnote2sym\"><sup>2<\/sup><\/a><\/sup><\/p>\n\n\n\n<p>A pesar del agravamiento de la crisis civilizatoria que, desde entonces, cada vez es m\u00e1s visible, este conjunto de resoluciones sistem\u00e1ticamente elaborado -que desde el pontificado de Francisco ha mostrado una gratificante concordancia con las enc\u00edclicas y las cartas apost\u00f3licas- se est\u00e1 dejando cada vez m\u00e1s de lado, probablemente en muchas ocasiones &#8211; por temor a conflictos fundamentales con responsables pol\u00edticos y\/o econ\u00f3micos.<\/p>\n\n\n\n<p>En vista de esta desafortunada situaci\u00f3n invitamos al movimiento ecum\u00e9nico, especialmente a nuestras hermanas y hermanos del Sur global, a participar activamente con nosotros y nosotras en esta Casa Com\u00fan antes y durante la reuni\u00f3n del CMI. Para ello, queremos organizar una Casa Com\u00fan \u201dvirtual\u201d con videoconferencias, p\u00e1gina web, etc. previamente a la Asamblea y, posteriormente, en un lugar real de encuentro en Karlsruhe durante la misma.<\/p>\n\n\n\n<p>Necesitamos una iniciativa prof\u00e9tica de este tipo con m\u00e1s urgencia que nunca. La Tierra, nuestra casa com\u00fan, se encuentra en una situaci\u00f3n cada vez m\u00e1s amenazante. Los estragos causados por el sistema capitalista mundial han adquirido literalmente proporciones epid\u00e9micas; la distribuci\u00f3n de la riqueza es cada vez m\u00e1s obscena; las migraciones (internas) han adquirido proporciones dram\u00e1ticas en todo el mundo; las crisis clim\u00e1ticas parecen casi imposibles de contener; las guerras ilimitadas afectan cada vez m\u00e1s a las poblaciones civiles; y cada vez son menos los que siguen confiando en la democracia, tanto a nivel nacional como transnacional -en cambio, muchos se apoyan ahora en reg\u00edmenes y estructuras autoritarias o en un repliegue unilateral hacia espacios internos- \u00a1para deleite de los gobernantes! Con el profeta Jerem\u00edas podr\u00edamos lamentar en voz alta: \u201cMir\u00e9 la tierra, y vi que estaba desordenada y vac\u00eda\u201d (Jer 4:23).<\/p>\n\n\n\n<p>\u00bfNo deber\u00edamos quejarnos como Jerem\u00edas? \u00bfDecir la verdad con valent\u00eda? A diferencia de tantas y tantas iglesias y grupos sociales, \u00bfno deber\u00edamos dejar de callarnos ante el poder abrumador de las circunstancias imperantes, dejar de adaptarnos a \u00e9l? \u00bfNo deber\u00edamos solidarizarnos con las muchas iniciativas y movimientos que tambi\u00e9n existen en este mundo: con el movimiento por la justicia clim\u00e1tica, el movimiento de las mujeres, los insurgentes desde Santiago de Chile hasta Rojava\/Kurdist\u00e1n? \u00bfNo deber\u00edamos nosotros y nosotras, y tambi\u00e9n las iglesias, estar incondicionalmente junto a quienes luchan por el derecho a la paz, a la justicia, a la salud y por un mundo que nos alimente y al cual conservemos respetuosamente? \u00bfNo deber\u00edamos unirnos a ellos y ellas para desarrollar signos y pr\u00e1cticas de discipulado prof\u00e9tico? A menudo estamos lejos de ello, a menudo nos hemos aburguesado demasiado, a veces nos resignamos a la aparente superioridad de las circunstancias y nos sometemos a las supuestas limitaciones, prefiriendo dar solo esos peque\u00f1os pasos que secretamente sabemos que son insuficientes.<\/p>\n\n\n\n<p>Casa Com\u00fan fue el nombre de una iniciativa en el marco del S\u00ednodo Cat\u00f3lico Romano para la Amazon\u00eda 2019, que ofreci\u00f3 a fieles y a miembros del S\u00ednodo la oportunidad de entablar conversaciones entre ellos y ellas sobre cuestiones existenciales. Queremos aprovechar esta iniciativa: durante la reuni\u00f3n del CMI, nosotros y nosotras tambi\u00e9n queremos crear un lugar en el que tenga cabida el esp\u00edritu de un ecumenismo que se ponga decididamente del lado de los oprimidos y oprimidas en las luchas de este mundo y que, codo a codo con ellas y ellos, luche por un mundo en el que todas las personas puedan vivir con dignidad y justicia.<\/p>\n\n\n\n<p>Nos gustar\u00eda invitarles a Ustedes a participar en esta Casa Com\u00fan como lugar de encuentro, de intercambio, de aprendizaje, enriquecimiento mutuo y espiritualidad de resistencia. Se pretende que sea un lugar para las personas que se preocupan por una cr\u00edtica valiente de las circunstancias, que buscan formas de trabajar por un cambio fundamental y que quieren unirse con este fin: Delegados y delegadas del CMI, cristianos y cristianas que forman parte de iniciativas ecum\u00e9nicas de base en todo el mundo, activistas de movimientos sociales en la Rep\u00fablica Federal de Alemania as\u00ed como en el Sur global, personas que se preocupan por el esp\u00edritu del proceso conciliar, y todos aquellos y aquellas que quieran reflexionar, discutir, celebrar y desarrollar planes con nosotros y nosotras sobre c\u00f3mo y d\u00f3nde podemos participar efectivamente en las luchas contra la injusticia y la opresi\u00f3n hoy en d\u00eda.<\/p>\n\n\n\n<p>No queremos adelantar qu\u00e9 temas pondremos en la agenda, con qui\u00e9n hablaremos y c\u00f3mo ser\u00e1n los d\u00edas de encuentro en nuestra Casa Com\u00fan. M\u00e1s bien queremos invitarles a un proceso de trabajo com\u00fan en el que discutamos y desarrollemos todo esto juntos y juntas. Ya en el per\u00edodo previo a la reuni\u00f3n del CMI queremos trabajar con diversos grupos ling\u00fc\u00edsticos en forma de conferencias virtuales y talleres de estrategia sobre cuestiones como: \u00bfCu\u00e1les deber\u00edan ser los temas prioritarios para un movimiento ecum\u00e9nico prof\u00e9tico que interpreta adecuadamente los signos de los tiempos? \u00bfC\u00f3mo podemos hacer o\u00edr nuestra voz en la asamblea del CMI?<\/p>\n\n\n\n<p>Esperamos su participaci\u00f3n y su creatividad para llenar el esp\u00edritu del ecumenismo con una nueva vida junto a nosotros y nosotras &#8211; \u00a1para una vida plena para todos (Jn 10:10)!<\/p>\n\n\n\n<p><a href=\"https:\/\/casa-comun-2022.de\/wp-content\/uploads\/2021\/03\/Aufruf-Casa-Comun-Spanisch-final.pdf\" data-type=\"URL\" data-id=\"https:\/\/casa-comun-2022.de\/wp-content\/uploads\/2021\/03\/Aufruf-Casa-Comun-Spanisch-final.pdf\" target=\"_blank\" rel=\"noreferrer noopener\">Descargar este llamado<\/a><\/p>\n\n\n\n<hr class=\"wp-block-separator\"\/>\n\n\n\n<p><a href=\"#sdfootnote1anc\">1<\/a> Esta carta abierta, reconocida como <a href=\"https:\/\/www.oikoumene.org\/es\/news\/wcc-acting-general-secretary-reflects-on-open-letter-from-kairos-europa-about-wuppertal-declaration-on-socio-ecological-transformation\" data-type=\"URL\" data-id=\"https:\/\/www.oikoumene.org\/es\/news\/wcc-acting-general-secretary-reflects-on-open-letter-from-kairos-europa-about-wuppertal-declaration-on-socio-ecological-transformation\" target=\"_blank\" rel=\"noreferrer noopener\">\u201ccr\u00edtica constructiva\u201d<\/a> por el Secretario General en funciones del CMI, puede encontrarse <a href=\"https:\/\/kairoseuropa.de\/wp-content\/uploads\/2020\/04\/2021-Carta-abierta.-final.pdf\" target=\"_blank\" rel=\"noreferrer noopener\">aqu\u00ed<\/a>.<\/p>\n\n\n\n<p><a href=\"#sdfootnote2anc\">2<\/a> Aqu\u00ed tambi\u00e9n hacemos referencia al actual mensaje ecum\u00e9nico conjunto \u201c<a href=\"https:\/\/www.oikoumene.org\/es\/resources\/documents\/calling-for-an-economy-of-life-in-a-time-of-pandemic-a-joint-message-from-the-wcc-wcrc-lwf-and-cwm\" target=\"_blank\" rel=\"noreferrer noopener\">Llamado a una econom\u00eda de la vida en tiempos de pandemia<\/a>\u201d.<\/p>\n","protected":false},"excerpt":{"rendered":"<p>Llamado a un lugar de encuentro para promover, compartir y celebrar un ecumenismo prof\u00e9tico con motivo de la 11\u00aa Asamblea del Consejo Mundial de Iglesias (CMI) en Karlsruhe, Alemania en 2022 Nosotros y nosotras, representantes de diversas iniciativas ecum\u00e9nicas de base en Alemania, hemos decidido unirnos para acompa\u00f1ar de forma cr\u00edtica y constructiva el gran [&hellip;]<\/p>\n","protected":false},"author":1,"featured_media":0,"parent":0,"menu_order":0,"comment_status":"closed","ping_status":"open","template":"","meta":{"_mc_calendar":[],"footnotes":""},"class_list":["post-2","page","type-page","status-publish","hentry"],"translation":{"provider":"WPGlobus","version":"3.0.1","language":"es","enabled_languages":["de","gb","es","fr"],"languages":{"de":{"title":true,"content":true,"excerpt":false},"gb":{"title":true,"content":true,"excerpt":false},"es":{"title":true,"content":true,"excerpt":false},"fr":{"title":true,"content":true,"excerpt":false}}},"_links":{"self":[{"href":"https:\/\/casa-comun-2022.de\/es\/wp-json\/wp\/v2\/pages\/2","targetHints":{"allow":["GET"]}}],"collection":[{"href":"https:\/\/casa-comun-2022.de\/es\/wp-json\/wp\/v2\/pages"}],"about":[{"href":"https:\/\/casa-comun-2022.de\/es\/wp-json\/wp\/v2\/types\/page"}],"author":[{"embeddable":true,"href":"https:\/\/casa-comun-2022.de\/es\/wp-json\/wp\/v2\/users\/1"}],"replies":[{"embeddable":true,"href":"https:\/\/casa-comun-2022.de\/es\/wp-json\/wp\/v2\/comments?post=2"}],"version-history":[{"count":44,"href":"https:\/\/casa-comun-2022.de\/es\/wp-json\/wp\/v2\/pages\/2\/revisions"}],"predecessor-version":[{"id":552,"href":"https:\/\/casa-comun-2022.de\/es\/wp-json\/wp\/v2\/pages\/2\/revisions\/552"}],"wp:attachment":[{"href":"https:\/\/casa-comun-2022.de\/es\/wp-json\/wp\/v2\/media?parent=2"}],"curies":[{"name":"wp","href":"https:\/\/api.w.org\/{rel}","templated":true}]}}