{"id":130,"date":"2021-02-22T15:33:25","date_gmt":"2021-02-22T14:33:25","guid":{"rendered":"https:\/\/casa-comun-2022.de\/?page_id=130"},"modified":"2021-03-02T12:55:45","modified_gmt":"2021-03-02T11:55:45","slug":"wer-wir-sind-was-wir-wollen","status":"publish","type":"page","link":"https:\/\/casa-comun-2022.de\/es\/wer-wir-sind-was-wir-wollen\/","title":{"rendered":"Qui\u00e9nes somos &#038; qu\u00e9 queremos"},"content":{"rendered":"\n<p>Somos una articulaci\u00f3n ecum\u00e9nica de grupos de base, organizaciones y redes de toda Alemania fundada en noviembre de 2019 por iniciativa de representantes de Kairos Europa, Pax Christi y Pro \u00d6kumene con la convicci\u00f3n de que la 11\u00aa Asamblea del Consejo Mundial de Iglesias (CMI) en Karlsruhe 2022 es una excelente oportunidad para volver a poner en el foco de atenci\u00f3n de la opini\u00f3n p\u00fablica -especialmente de las iglesias y de los movimientos sociales- las prioridades del proceso conciliar de compromiso mutuo con la justicia, la paz y la integridad de la creaci\u00f3n, iniciado por el CMI en 1983.<br><br>Creemos que el compromiso de nuestra iniciativa ecum\u00e9nica &#8220;Casa Com\u00fan 2022&#8221;, tanto en el per\u00edodo previo a la Asamblea como durante la misma, debe dirigirse en primer lugar a conseguir que las iglesias -tanto en Alemania como en el resto del mundo- se ocupen (una vez m\u00e1s) de forma mucho m\u00e1s intensa y, sobre todo, m\u00e1s decidida de las cuestiones de supervivencia de la humanidad y la creaci\u00f3n, tanto por razones teol\u00f3gico-eclesiol\u00f3gicas como pol\u00edticas. El agravamiento dram\u00e1tico de los diferentes estallidos de crisis globales hacen necesario que este debate no se limite a demandas de reformas cosm\u00e9ticas del sistema econ\u00f3mico mundial, un sistema que es estructuralmente destructivo.<\/p>\n\n\n\n<p>Consideramos que se hace necesario un di\u00e1logo serio con las generaciones m\u00e1s j\u00f3venes, formar alianzas y tomar una acci\u00f3n conjunta desde una perspectiva que cuestione radicalmente las estructuras de poder econ\u00f3mico y social. Como bien dicen algunos grupos dentro del movimiento clim\u00e1tico, &#8220;\u00a1cambio de sistema, no de clima!&#8221;. La justicia econ\u00f3mica y clim\u00e1tica para todas las personas, tal como est\u00e1n las cosas, s\u00f3lo se lograr\u00e1 mediante una transformaci\u00f3n socio-ecol\u00f3gica fundamental. Y esto requiere, en \u00faltima instancia, el abandono de las fuerzas motrices capitalistas del beneficio y el crecimiento que han dominado nuestras econom\u00edas hasta la fecha, y un cambio hacia una econom\u00eda que se centre en el bien com\u00fan y la protecci\u00f3n de los fundamentos naturales de la vida.<br><br>Con este esp\u00edritu -y motivadas y motivados por la respuesta positiva del Secretario General Ejecutivo del CMI, el Prof. Dr. Ioan Sauca, quien acogi\u00f3 nuestra primera declaraci\u00f3n p\u00fablica (Carta abierta al movimiento ecum\u00e9nico mundial, abril de 2020) como una &#8220;cr\u00edtica constructiva&#8221; y una &#8220;contribuci\u00f3n importante y valiosa al movimiento ecum\u00e9nico&#8221; que &#8220;esperamos que conduzca a debates m\u00e1s profundos y a an\u00e1lisis m\u00e1s precisos&#8221;- invitamos al movimiento ecum\u00e9nico, especialmente a nuestras hermanas y hermanos del Sur global, a unirse a nuestras actividades en el per\u00edodo previo a la reuni\u00f3n del CMI y durante la misma.<br><br>En estrecha colaboraci\u00f3n con personas miembros de iglesias y organizaciones ecum\u00e9nicas, nuestra iniciativa desea poner en pr\u00e1ctica un concepto denominado &#8220;Casa Com\u00fan 2022,&#8221; con las siguientes intenciones para el per\u00edodo de la Asamblea de Karlsruhe:<\/p>\n\n\n\n<p>\u2022&nbsp;&nbsp; <em>Ser un lugar de encuentro (car\u00e1cter de caf\u00e9)<\/em> &#8211; para y entre los siguientes grupos:<br>\u25e6 El ecumenismo de base, as\u00ed como los movimientos sociales del Sur y del Norte;<br>\u25e6 Delegadas\/os y otras\/os participantes u observadoras\/es de la Asamblea;<br>\u25e6 Visitantes de la Asamblea, congregaciones locales y regionales, p\u00fablico interesado;<br>\u25e6 Periodistas de medios ecum\u00e9nicos y de la Prensa en general.<\/p>\n\n\n\n<p>\u2022&nbsp;&nbsp; <em>Ser un lugar de -profundizaci\u00f3n del- intercambio (car\u00e1cter de seminario y casa de ense\u00f1anza) <\/em>para y entre los grupos destinatarios mencionados, sobre temas prioritarios del proceso conciliar que a\u00fan est\u00e1n por identificar en su totalidad, por ejemplo en forma de:<br>\u25e6 Conferencias sobre teor\u00edas poscoloniales, feministas, de sensibilidad ecol\u00f3gica o de cr\u00edtica al racismo realizadas por el ecumenismo de base;<br>\u25e6 Eventos ofrecidos por el ecumenismo de base y los movimientos sociales (seminarios, talleres, paneles de discusi\u00f3n, etc.) sobre temas prioritarios de la Casa Com\u00fan m\u00e1s all\u00e1 de los eventos de la asamblea del CMI -posiblemente con un enfoque tem\u00e1tico diario;<br>\u25e6 Actos relacionados expl\u00edcitamente con la Asamblea en los que participen las\/\/os delegadas\/os del CMI (continuaci\u00f3n\/profundizaci\u00f3n de los plenarios tem\u00e1ticos, conversaciones ecum\u00e9nicas, etc., tambi\u00e9n con un enfoque tem\u00e1tico diario);<br>\u25e6 Reuniones y conversaciones informales de grupos que quieren elaborar textos y\/o preparar acciones con referencia a los eventos de la Asamblea.<\/p>\n\n\n\n<p>\u2022\u00a0\u00a0 <em>Ser un lugar de espiritualidad de resistencia (car\u00e1cter de casa de devoci\u00f3n y oraci\u00f3n)<\/em>, por ejemplo en forma de:<br>\u25e6 Oraciones pol\u00edticas matutinas, diurnas y nocturnas;<br>\u25e6 Estudios b\u00edblicos, devociones y meditaciones;<br>\u25e6 Celebraciones de AGAPE.<\/p>\n\n\n\n<p>\u2022\u00a0\u00a0 <em>Ser un lugar de culturas del mundo (car\u00e1cter de casa de arte y festival)<\/em>, por ejemplo en forma de:<br>\u25e6 Exposiciones tem\u00e1ticas;<br>\u25e6 Conciertos;<br>\u25e6 Teatro;<br>\u25e6 &#8220;Eventos&#8221; art\u00edsticos.<\/p>\n\n\n\n<p>Adem\u00e1s, queremos trabajar juntas y juntos en el per\u00edodo previo a la Asamblea General. En forma de conferencias virtuales y talleres de estrategia (en todo el mundo y a lo largo de grupos ling\u00fc\u00edsticos) queremos debatir cuestiones como: \u00bfCu\u00e1les deber\u00edan ser los temas prioritarios para un movimiento ecum\u00e9nico prof\u00e9tico que aborde adecuadamente los signos de los tiempos? \u00bfC\u00f3mo podemos hacer o\u00edr nuestra voz en la reuni\u00f3n del CMI?<\/p>\n\n\n\n<p>&nbsp;Nuestra elecci\u00f3n de temas, en parte retomando conscientemente la agenda ecum\u00e9nica oficial, en parte yendo conscientemente m\u00e1s all\u00e1, pretende subrayar que entendemos nuestro concepto de Casa Com\u00fan expl\u00edcitamente tambi\u00e9n como una oferta a las iglesias de Alemania y de todo el mundo que complementa la Asamblea del CMI en un sentido cr\u00edtico-constructivo, pero al mismo tiempo queremos acentuarlo como una alternativa reconocible, que esperamos sea capaz de animar el &#8220;clima&#8221; del gran evento ecum\u00e9nico en un sentido positivo.<\/p>\n\n\n\n<p>&nbsp;Para ello, esperamos su participaci\u00f3n y creatividad, para llenar el esp\u00edritu del ecumenismo de nueva vida junto a nosotras y nosotros &#8211; \u00a1para una vida en plenitud para todas y todos!<\/p>\n\n\n\n<p><\/p>\n","protected":false},"excerpt":{"rendered":"<p>Somos una articulaci\u00f3n ecum\u00e9nica de grupos de base, organizaciones y redes de toda Alemania fundada en noviembre de 2019 por iniciativa de representantes de Kairos Europa, Pax Christi y Pro \u00d6kumene con la convicci\u00f3n de que la 11\u00aa Asamblea del Consejo Mundial de Iglesias (CMI) en Karlsruhe 2022 es una excelente oportunidad para volver a [&hellip;]<\/p>\n","protected":false},"author":1,"featured_media":0,"parent":0,"menu_order":0,"comment_status":"closed","ping_status":"closed","template":"","meta":{"_mc_calendar":[],"footnotes":""},"class_list":["post-130","page","type-page","status-publish","hentry"],"translation":{"provider":"WPGlobus","version":"3.0.1","language":"es","enabled_languages":["de","gb","es","fr"],"languages":{"de":{"title":true,"content":true,"excerpt":false},"gb":{"title":true,"content":true,"excerpt":false},"es":{"title":true,"content":true,"excerpt":false},"fr":{"title":true,"content":true,"excerpt":false}}},"_links":{"self":[{"href":"https:\/\/casa-comun-2022.de\/es\/wp-json\/wp\/v2\/pages\/130","targetHints":{"allow":["GET"]}}],"collection":[{"href":"https:\/\/casa-comun-2022.de\/es\/wp-json\/wp\/v2\/pages"}],"about":[{"href":"https:\/\/casa-comun-2022.de\/es\/wp-json\/wp\/v2\/types\/page"}],"author":[{"embeddable":true,"href":"https:\/\/casa-comun-2022.de\/es\/wp-json\/wp\/v2\/users\/1"}],"replies":[{"embeddable":true,"href":"https:\/\/casa-comun-2022.de\/es\/wp-json\/wp\/v2\/comments?post=130"}],"version-history":[{"count":15,"href":"https:\/\/casa-comun-2022.de\/es\/wp-json\/wp\/v2\/pages\/130\/revisions"}],"predecessor-version":[{"id":222,"href":"https:\/\/casa-comun-2022.de\/es\/wp-json\/wp\/v2\/pages\/130\/revisions\/222"}],"wp:attachment":[{"href":"https:\/\/casa-comun-2022.de\/es\/wp-json\/wp\/v2\/media?parent=130"}],"curies":[{"name":"wp","href":"https:\/\/api.w.org\/{rel}","templated":true}]}}